{"id":2,"date":"2024-01-13T13:08:08","date_gmt":"2024-01-13T12:08:08","guid":{"rendered":"http:\/\/pinkypunkyseal.com\/?page_id=2"},"modified":"2024-01-15T16:57:50","modified_gmt":"2024-01-15T15:57:50","slug":"about","status":"publish","type":"page","link":"https:\/\/pinkypunkyseal.com\/index.php\/about\/","title":{"rendered":"\u00c0 propos"},"content":{"rendered":"\n<figure class=\"wp-block-image aligncenter size-large is-resized wp-duotone-rgb170168255-rgb244211255-1\"><img loading=\"lazy\" decoding=\"async\" width=\"1024\" height=\"1024\" src=\"https:\/\/pinkypunkyseal.com\/wp-content\/uploads\/2024\/01\/logo_reversed-1024x1024.png\" alt=\"\" class=\"wp-image-67\" style=\"width:500px;height:auto\" srcset=\"https:\/\/pinkypunkyseal.com\/wp-content\/uploads\/2024\/01\/logo_reversed-1024x1024.png 1024w, https:\/\/pinkypunkyseal.com\/wp-content\/uploads\/2024\/01\/logo_reversed-300x300.png 300w, https:\/\/pinkypunkyseal.com\/wp-content\/uploads\/2024\/01\/logo_reversed-150x150.png 150w, https:\/\/pinkypunkyseal.com\/wp-content\/uploads\/2024\/01\/logo_reversed-768x768.png 768w, https:\/\/pinkypunkyseal.com\/wp-content\/uploads\/2024\/01\/logo_reversed-1536x1536.png 1536w, https:\/\/pinkypunkyseal.com\/wp-content\/uploads\/2024\/01\/logo_reversed.png 2048w\" sizes=\"(max-width: 1024px) 100vw, 1024px\" \/><\/figure>\n\n\n\n<p class=\"has-text-align-left\" style=\"line-height:1.5\">Salut, moi c&#8217;est Pinky Punky Seal, je d\u00e9veloppe des jeux vid\u00e9o. <\/p>\n\n\n\n<p>Ce qui m&#8217;int\u00e9resse dans les jeux, c&#8217;est ce qu&#8217;on peut ressentir en <em>faisant<\/em> l&#8217;action plut\u00f4t qu&#8217;en la regardant \/ en la lisant.<\/p>\n\n\n\n<p>Comme beaucoup de personnes, j&#8217;ai envie que mon m\u00e9tier soit en ad\u00e9quation avec certaines valeurs qui sont importantes pour moi.<\/p>\n\n\n\n<p>C&#8217;est pourquoi je veux faire des jeux sur des <em>questions de soci\u00e9t\u00e9<\/em> ! Comme li\u00e9s au f\u00e9minisme par exemple.<\/p>\n\n\n\n<div style=\"height:100px\" aria-hidden=\"true\" class=\"wp-block-spacer\"><\/div>\n\n\n\n<div class=\"wp-block-group is-content-justification-center is-nowrap is-layout-flex wp-container-core-group-is-layout-1 wp-block-group-is-layout-flex\">\n<figure class=\"wp-block-image size-full is-resized\"><a href=\"https:\/\/www.instagram.com\/pinkypunkyseal\/\" target=\"_blank\" rel=\"noreferrer noopener\"><img loading=\"lazy\" decoding=\"async\" width=\"256\" height=\"256\" src=\"https:\/\/pinkypunkyseal.com\/wp-content\/uploads\/2024\/01\/logo_white_instagram_256x256.png\" alt=\"\" class=\"wp-image-47\" style=\"width:50px\" srcset=\"https:\/\/pinkypunkyseal.com\/wp-content\/uploads\/2024\/01\/logo_white_instagram_256x256.png 256w, https:\/\/pinkypunkyseal.com\/wp-content\/uploads\/2024\/01\/logo_white_instagram_256x256-150x150.png 150w\" sizes=\"(max-width: 256px) 100vw, 256px\" \/><\/a><\/figure>\n\n\n\n<figure class=\"wp-block-image size-full is-resized\"><a href=\"https:\/\/www.facebook.com\/profile.php?id=61552554651542\" target=\"_blank\" rel=\"noreferrer noopener\"><img loading=\"lazy\" decoding=\"async\" width=\"256\" height=\"256\" src=\"https:\/\/pinkypunkyseal.com\/wp-content\/uploads\/2024\/01\/logo_white_facebook_256x256.png\" alt=\"\" class=\"wp-image-48\" style=\"width:50px\" srcset=\"https:\/\/pinkypunkyseal.com\/wp-content\/uploads\/2024\/01\/logo_white_facebook_256x256.png 256w, https:\/\/pinkypunkyseal.com\/wp-content\/uploads\/2024\/01\/logo_white_facebook_256x256-150x150.png 150w\" sizes=\"(max-width: 256px) 100vw, 256px\" \/><\/a><\/figure>\n\n\n\n<figure class=\"wp-block-image size-full is-resized\"><a href=\"https:\/\/mastodon.social\/@pinkypunkyseal\" target=\"_blank\" rel=\"noreferrer noopener\"><img loading=\"lazy\" decoding=\"async\" width=\"224\" height=\"224\" src=\"https:\/\/pinkypunkyseal.com\/wp-content\/uploads\/2024\/01\/logo_white_mastodon_256x256.png\" alt=\"\" class=\"wp-image-49\" style=\"width:50px\" srcset=\"https:\/\/pinkypunkyseal.com\/wp-content\/uploads\/2024\/01\/logo_white_mastodon_256x256.png 224w, https:\/\/pinkypunkyseal.com\/wp-content\/uploads\/2024\/01\/logo_white_mastodon_256x256-150x150.png 150w\" sizes=\"(max-width: 224px) 100vw, 224px\" \/><\/a><\/figure>\n\n\n\n<figure class=\"wp-block-image size-full is-resized\"><a href=\"https:\/\/twitter.com\/pinkypunkyseal\" target=\"_blank\" rel=\"noreferrer noopener\"><img loading=\"lazy\" decoding=\"async\" width=\"256\" height=\"256\" src=\"https:\/\/pinkypunkyseal.com\/wp-content\/uploads\/2024\/01\/logo_white_twitter_256x256.png\" alt=\"\" class=\"wp-image-50\" style=\"width:50px\" srcset=\"https:\/\/pinkypunkyseal.com\/wp-content\/uploads\/2024\/01\/logo_white_twitter_256x256.png 256w, https:\/\/pinkypunkyseal.com\/wp-content\/uploads\/2024\/01\/logo_white_twitter_256x256-150x150.png 150w\" sizes=\"(max-width: 256px) 100vw, 256px\" \/><\/a><\/figure>\n<\/div>\n\n\n\n<p>Pour \u00eatre tenu.e au courant ou simplement discuter, n&#8217;h\u00e9sitez pas \u00e0 me suivre sur les r\u00e9seaux sociaux !<\/p>\n\n\n\n<p>Merci d&#8217;avoir lu ! \u2764\ufe0f<\/p>\n\n\n\n<div style=\"height:100px\" aria-hidden=\"true\" class=\"wp-block-spacer\"><\/div>\n","protected":false},"excerpt":{"rendered":"<p>Salut, moi c&#8217;est Pinky Punky Seal, je d\u00e9veloppe des jeux vid\u00e9o. Ce qui m&#8217;int\u00e9resse dans les jeux, c&#8217;est ce qu&#8217;on peut ressentir en faisant l&#8217;action plut\u00f4t qu&#8217;en la regardant \/ en la lisant. Comme beaucoup de personnes, j&#8217;ai envie que mon m\u00e9tier soit en ad\u00e9quation avec certaines valeurs qui sont importantes pour moi. C&#8217;est pourquoi [&hellip;]<\/p>\n","protected":false},"author":1,"featured_media":0,"parent":0,"menu_order":0,"comment_status":"closed","ping_status":"open","template":"","meta":{"footnotes":""},"class_list":["post-2","page","type-page","status-publish","hentry"],"aioseo_notices":[],"_links":{"self":[{"href":"https:\/\/pinkypunkyseal.com\/index.php\/wp-json\/wp\/v2\/pages\/2"}],"collection":[{"href":"https:\/\/pinkypunkyseal.com\/index.php\/wp-json\/wp\/v2\/pages"}],"about":[{"href":"https:\/\/pinkypunkyseal.com\/index.php\/wp-json\/wp\/v2\/types\/page"}],"author":[{"embeddable":true,"href":"https:\/\/pinkypunkyseal.com\/index.php\/wp-json\/wp\/v2\/users\/1"}],"replies":[{"embeddable":true,"href":"https:\/\/pinkypunkyseal.com\/index.php\/wp-json\/wp\/v2\/comments?post=2"}],"version-history":[{"count":16,"href":"https:\/\/pinkypunkyseal.com\/index.php\/wp-json\/wp\/v2\/pages\/2\/revisions"}],"predecessor-version":[{"id":217,"href":"https:\/\/pinkypunkyseal.com\/index.php\/wp-json\/wp\/v2\/pages\/2\/revisions\/217"}],"wp:attachment":[{"href":"https:\/\/pinkypunkyseal.com\/index.php\/wp-json\/wp\/v2\/media?parent=2"}],"curies":[{"name":"wp","href":"https:\/\/api.w.org\/{rel}","templated":true}]}}