{"id":65,"date":"2024-01-13T19:08:11","date_gmt":"2024-01-13T18:08:11","guid":{"rendered":"https:\/\/pinkypunkyseal.com\/?page_id=65"},"modified":"2024-01-15T17:48:10","modified_gmt":"2024-01-15T16:48:10","slug":"cyoube","status":"publish","type":"page","link":"https:\/\/pinkypunkyseal.com\/index.php\/cyoube\/","title":{"rendered":"Cyoube"},"content":{"rendered":"\n<div class=\"wp-block-group alignfull has-global-padding is-layout-constrained wp-block-group-is-layout-constrained has-background\" style=\"border-style:none;border-width:0px;background-image:url(&#039;https:\/\/pinkypunkyseal.com\/wp-content\/uploads\/2024\/01\/20240112_screenshot_1_overlayed.png&#039;);background-size:cover;\">\n<figure class=\"wp-block-image size-large\"><img loading=\"lazy\" decoding=\"async\" width=\"1024\" height=\"512\" src=\"https:\/\/pinkypunkyseal.com\/wp-content\/uploads\/2024\/01\/game_logo_4096x2048-1024x512.png\" alt=\"\" class=\"wp-image-46\" srcset=\"https:\/\/pinkypunkyseal.com\/wp-content\/uploads\/2024\/01\/game_logo_4096x2048-1024x512.png 1024w, https:\/\/pinkypunkyseal.com\/wp-content\/uploads\/2024\/01\/game_logo_4096x2048-300x150.png 300w, https:\/\/pinkypunkyseal.com\/wp-content\/uploads\/2024\/01\/game_logo_4096x2048-768x384.png 768w, https:\/\/pinkypunkyseal.com\/wp-content\/uploads\/2024\/01\/game_logo_4096x2048-1536x768.png 1536w, https:\/\/pinkypunkyseal.com\/wp-content\/uploads\/2024\/01\/game_logo_4096x2048-2048x1024.png 2048w\" sizes=\"(max-width: 1024px) 100vw, 1024px\" \/><\/figure>\n<\/div>\n\n\n\n<div style=\"height:36px\" aria-hidden=\"true\" class=\"wp-block-spacer\"><\/div>\n\n\n\n<p>&#8220;Cyoube&#8221;, pour &#8220;you&#8221;, dans un &#8220;cube&#8221;.<\/p>\n\n\n\n<p>Un jeu vid\u00e9o sur le <em>d\u00e9veloppement du pouvoir d&#8217;agir<\/em>, o\u00f9 vous vous retrouverez dans un monde carr\u00e9, normalis\u00e9, st\u00e9r\u00e9otyp\u00e9.<\/p>\n\n\n\n<p>Un monde o\u00f9 il n&#8217;y a pas de place pour vous.<\/p>\n\n\n\n<p>Saurez vous bousculer le syst\u00e8me pour y prendre cette place ?<\/p>\n\n\n\n<div style=\"height:36px\" aria-hidden=\"true\" class=\"wp-block-spacer\"><\/div>\n\n\n\n<figure class=\"wp-block-gallery has-nested-images columns-default is-cropped wp-block-gallery-1 is-layout-flex wp-block-gallery-is-layout-flex\">\n<figure data-wp-context=\"{&quot;uploadedSrc&quot;:&quot;https:\\\/\\\/pinkypunkyseal.com\\\/wp-content\\\/uploads\\\/2024\\\/01\\\/20240114_screenshot_1.png&quot;,&quot;figureClassNames&quot;:&quot;wp-block-image size-large&quot;,&quot;figureStyles&quot;:null,&quot;imgClassNames&quot;:&quot;wp-image-94&quot;,&quot;imgStyles&quot;:null,&quot;targetWidth&quot;:5104,&quot;targetHeight&quot;:1394,&quot;scaleAttr&quot;:false,&quot;ariaLabel&quot;:&quot;Enlarge image&quot;,&quot;alt&quot;:&quot;&quot;}\" data-wp-interactive=\"core\/image\" class=\"wp-block-image size-large wp-lightbox-container\"><img loading=\"lazy\" decoding=\"async\" width=\"1024\" height=\"280\" data-wp-init=\"callbacks.setButtonStyles\" data-wp-on-async--click=\"actions.showLightbox\" data-wp-on-async--load=\"callbacks.setButtonStyles\" data-wp-on-async-window--resize=\"callbacks.setButtonStyles\" data-id=\"94\" src=\"https:\/\/pinkypunkyseal.com\/wp-content\/uploads\/2024\/01\/20240114_screenshot_1-1024x280.png\" alt=\"\" class=\"wp-image-94\" srcset=\"https:\/\/pinkypunkyseal.com\/wp-content\/uploads\/2024\/01\/20240114_screenshot_1-1024x280.png 1024w, https:\/\/pinkypunkyseal.com\/wp-content\/uploads\/2024\/01\/20240114_screenshot_1-300x82.png 300w, https:\/\/pinkypunkyseal.com\/wp-content\/uploads\/2024\/01\/20240114_screenshot_1-768x210.png 768w, https:\/\/pinkypunkyseal.com\/wp-content\/uploads\/2024\/01\/20240114_screenshot_1-1536x420.png 1536w, https:\/\/pinkypunkyseal.com\/wp-content\/uploads\/2024\/01\/20240114_screenshot_1-2048x559.png 2048w\" sizes=\"(max-width: 1024px) 100vw, 1024px\" \/><button\n\t\t\tclass=\"lightbox-trigger\"\n\t\t\ttype=\"button\"\n\t\t\taria-haspopup=\"dialog\"\n\t\t\taria-label=\"Enlarge image\"\n\t\t\tdata-wp-init=\"callbacks.initTriggerButton\"\n\t\t\tdata-wp-on-async--click=\"actions.showLightbox\"\n\t\t\tdata-wp-style--right=\"context.imageButtonRight\"\n\t\t\tdata-wp-style--top=\"context.imageButtonTop\"\n\t\t>\n\t\t\t<svg xmlns=\"http:\/\/www.w3.org\/2000\/svg\" width=\"12\" height=\"12\" fill=\"none\" viewBox=\"0 0 12 12\">\n\t\t\t\t<path fill=\"#fff\" d=\"M2 0a2 2 0 0 0-2 2v2h1.5V2a.5.5 0 0 1 .5-.5h2V0H2Zm2 10.5H2a.5.5 0 0 1-.5-.5V8H0v2a2 2 0 0 0 2 2h2v-1.5ZM8 12v-1.5h2a.5.5 0 0 0 .5-.5V8H12v2a2 2 0 0 1-2 2H8Zm2-12a2 2 0 0 1 2 2v2h-1.5V2a.5.5 0 0 0-.5-.5H8V0h2Z\" \/>\n\t\t\t<\/svg>\n\t\t<\/button><\/figure>\n\n\n\n<figure data-wp-context=\"{&quot;uploadedSrc&quot;:&quot;https:\\\/\\\/pinkypunkyseal.com\\\/wp-content\\\/uploads\\\/2024\\\/01\\\/20240114_screenshot_2.png&quot;,&quot;figureClassNames&quot;:&quot;wp-block-image size-large&quot;,&quot;figureStyles&quot;:null,&quot;imgClassNames&quot;:&quot;wp-image-95&quot;,&quot;imgStyles&quot;:null,&quot;targetWidth&quot;:5114,&quot;targetHeight&quot;:1398,&quot;scaleAttr&quot;:false,&quot;ariaLabel&quot;:&quot;Enlarge image&quot;,&quot;alt&quot;:&quot;&quot;}\" data-wp-interactive=\"core\/image\" class=\"wp-block-image size-large wp-lightbox-container\"><img loading=\"lazy\" decoding=\"async\" width=\"1024\" height=\"280\" data-wp-init=\"callbacks.setButtonStyles\" data-wp-on-async--click=\"actions.showLightbox\" data-wp-on-async--load=\"callbacks.setButtonStyles\" data-wp-on-async-window--resize=\"callbacks.setButtonStyles\" data-id=\"95\" src=\"https:\/\/pinkypunkyseal.com\/wp-content\/uploads\/2024\/01\/20240114_screenshot_2-1024x280.png\" alt=\"\" class=\"wp-image-95\" srcset=\"https:\/\/pinkypunkyseal.com\/wp-content\/uploads\/2024\/01\/20240114_screenshot_2-1024x280.png 1024w, https:\/\/pinkypunkyseal.com\/wp-content\/uploads\/2024\/01\/20240114_screenshot_2-300x82.png 300w, https:\/\/pinkypunkyseal.com\/wp-content\/uploads\/2024\/01\/20240114_screenshot_2-768x210.png 768w, https:\/\/pinkypunkyseal.com\/wp-content\/uploads\/2024\/01\/20240114_screenshot_2-1536x420.png 1536w, https:\/\/pinkypunkyseal.com\/wp-content\/uploads\/2024\/01\/20240114_screenshot_2-2048x560.png 2048w\" sizes=\"(max-width: 1024px) 100vw, 1024px\" \/><button\n\t\t\tclass=\"lightbox-trigger\"\n\t\t\ttype=\"button\"\n\t\t\taria-haspopup=\"dialog\"\n\t\t\taria-label=\"Enlarge image\"\n\t\t\tdata-wp-init=\"callbacks.initTriggerButton\"\n\t\t\tdata-wp-on-async--click=\"actions.showLightbox\"\n\t\t\tdata-wp-style--right=\"context.imageButtonRight\"\n\t\t\tdata-wp-style--top=\"context.imageButtonTop\"\n\t\t>\n\t\t\t<svg xmlns=\"http:\/\/www.w3.org\/2000\/svg\" width=\"12\" height=\"12\" fill=\"none\" viewBox=\"0 0 12 12\">\n\t\t\t\t<path fill=\"#fff\" d=\"M2 0a2 2 0 0 0-2 2v2h1.5V2a.5.5 0 0 1 .5-.5h2V0H2Zm2 10.5H2a.5.5 0 0 1-.5-.5V8H0v2a2 2 0 0 0 2 2h2v-1.5ZM8 12v-1.5h2a.5.5 0 0 0 .5-.5V8H12v2a2 2 0 0 1-2 2H8Zm2-12a2 2 0 0 1 2 2v2h-1.5V2a.5.5 0 0 0-.5-.5H8V0h2Z\" \/>\n\t\t\t<\/svg>\n\t\t<\/button><\/figure>\n<\/figure>\n\n\n\n<p>Je fais r\u00e9guli\u00e8rement des posts sur l&#8217;avanc\u00e9e du jeu. Si \u00e7a vous int\u00e9resse, n&#8217;h\u00e9sitez pas \u00e0 me suivre sur les r\u00e9seaux sociaux \ud83e\udd70<\/p>\n\n\n\n<div class=\"wp-block-group is-content-justification-center is-nowrap is-layout-flex wp-container-core-group-is-layout-2 wp-block-group-is-layout-flex\">\n<figure class=\"wp-block-image size-full is-resized\"><a href=\"https:\/\/www.instagram.com\/pinkypunkyseal\/\" target=\"_blank\" rel=\"noreferrer noopener\"><img loading=\"lazy\" decoding=\"async\" width=\"256\" height=\"256\" src=\"https:\/\/pinkypunkyseal.com\/wp-content\/uploads\/2024\/01\/logo_white_instagram_256x256.png\" alt=\"\" class=\"wp-image-47\" style=\"width:50px\" srcset=\"https:\/\/pinkypunkyseal.com\/wp-content\/uploads\/2024\/01\/logo_white_instagram_256x256.png 256w, https:\/\/pinkypunkyseal.com\/wp-content\/uploads\/2024\/01\/logo_white_instagram_256x256-150x150.png 150w\" sizes=\"(max-width: 256px) 100vw, 256px\" \/><\/a><\/figure>\n\n\n\n<figure class=\"wp-block-image size-full is-resized\"><a href=\"https:\/\/www.facebook.com\/profile.php?id=61552554651542\" target=\"_blank\" rel=\"noreferrer noopener\"><img loading=\"lazy\" decoding=\"async\" width=\"256\" height=\"256\" src=\"https:\/\/pinkypunkyseal.com\/wp-content\/uploads\/2024\/01\/logo_white_facebook_256x256.png\" alt=\"\" class=\"wp-image-48\" style=\"width:50px\" srcset=\"https:\/\/pinkypunkyseal.com\/wp-content\/uploads\/2024\/01\/logo_white_facebook_256x256.png 256w, https:\/\/pinkypunkyseal.com\/wp-content\/uploads\/2024\/01\/logo_white_facebook_256x256-150x150.png 150w\" sizes=\"(max-width: 256px) 100vw, 256px\" \/><\/a><\/figure>\n\n\n\n<figure class=\"wp-block-image size-full is-resized\"><a href=\"https:\/\/mastodon.social\/@pinkypunkyseal\" target=\"_blank\" rel=\"noreferrer noopener\"><img loading=\"lazy\" decoding=\"async\" width=\"224\" height=\"224\" src=\"https:\/\/pinkypunkyseal.com\/wp-content\/uploads\/2024\/01\/logo_white_mastodon_256x256.png\" alt=\"\" class=\"wp-image-49\" style=\"width:50px\" srcset=\"https:\/\/pinkypunkyseal.com\/wp-content\/uploads\/2024\/01\/logo_white_mastodon_256x256.png 224w, https:\/\/pinkypunkyseal.com\/wp-content\/uploads\/2024\/01\/logo_white_mastodon_256x256-150x150.png 150w\" sizes=\"(max-width: 224px) 100vw, 224px\" \/><\/a><\/figure>\n\n\n\n<figure class=\"wp-block-image size-full is-resized\"><a href=\"https:\/\/twitter.com\/pinkypunkyseal\" target=\"_blank\" rel=\"noreferrer noopener\"><img loading=\"lazy\" decoding=\"async\" width=\"256\" height=\"256\" src=\"https:\/\/pinkypunkyseal.com\/wp-content\/uploads\/2024\/01\/logo_white_twitter_256x256.png\" alt=\"\" class=\"wp-image-50\" style=\"width:50px\" srcset=\"https:\/\/pinkypunkyseal.com\/wp-content\/uploads\/2024\/01\/logo_white_twitter_256x256.png 256w, https:\/\/pinkypunkyseal.com\/wp-content\/uploads\/2024\/01\/logo_white_twitter_256x256-150x150.png 150w\" sizes=\"(max-width: 256px) 100vw, 256px\" \/><\/a><\/figure>\n<\/div>\n\n\n\n<div style=\"height:100px\" aria-hidden=\"true\" class=\"wp-block-spacer\"><\/div>\n","protected":false},"excerpt":{"rendered":"<p>&#8220;Cyoube&#8221;, pour &#8220;you&#8221;, dans un &#8220;cube&#8221;. Un jeu vid\u00e9o sur le d\u00e9veloppement du pouvoir d&#8217;agir, o\u00f9 vous vous retrouverez dans un monde carr\u00e9, normalis\u00e9, st\u00e9r\u00e9otyp\u00e9. Un monde o\u00f9 il n&#8217;y a pas de place pour vous. Saurez vous bousculer le syst\u00e8me pour y prendre cette place ? Je fais r\u00e9guli\u00e8rement des posts sur l&#8217;avanc\u00e9e du [&hellip;]<\/p>\n","protected":false},"author":1,"featured_media":34,"parent":0,"menu_order":0,"comment_status":"closed","ping_status":"closed","template":"page-no-title","meta":{"footnotes":""},"class_list":["post-65","page","type-page","status-publish","has-post-thumbnail","hentry"],"aioseo_notices":[],"_links":{"self":[{"href":"https:\/\/pinkypunkyseal.com\/index.php\/wp-json\/wp\/v2\/pages\/65"}],"collection":[{"href":"https:\/\/pinkypunkyseal.com\/index.php\/wp-json\/wp\/v2\/pages"}],"about":[{"href":"https:\/\/pinkypunkyseal.com\/index.php\/wp-json\/wp\/v2\/types\/page"}],"author":[{"embeddable":true,"href":"https:\/\/pinkypunkyseal.com\/index.php\/wp-json\/wp\/v2\/users\/1"}],"replies":[{"embeddable":true,"href":"https:\/\/pinkypunkyseal.com\/index.php\/wp-json\/wp\/v2\/comments?post=65"}],"version-history":[{"count":12,"href":"https:\/\/pinkypunkyseal.com\/index.php\/wp-json\/wp\/v2\/pages\/65\/revisions"}],"predecessor-version":[{"id":221,"href":"https:\/\/pinkypunkyseal.com\/index.php\/wp-json\/wp\/v2\/pages\/65\/revisions\/221"}],"wp:featuredmedia":[{"embeddable":true,"href":"https:\/\/pinkypunkyseal.com\/index.php\/wp-json\/wp\/v2\/media\/34"}],"wp:attachment":[{"href":"https:\/\/pinkypunkyseal.com\/index.php\/wp-json\/wp\/v2\/media?parent=65"}],"curies":[{"name":"wp","href":"https:\/\/api.w.org\/{rel}","templated":true}]}}